{"id":2,"date":"2025-05-14T09:12:19","date_gmt":"2025-05-14T09:12:19","guid":{"rendered":"https:\/\/hellmangroup.se\/?page_id=2"},"modified":"2025-05-14T10:56:16","modified_gmt":"2025-05-14T10:56:16","slug":"sample-page","status":"publish","type":"page","link":"https:\/\/hellmangroup.se\/","title":{"rendered":"Portfolio"},"content":{"rendered":"<div class=\"wp-block-image is-style-default\">\n<figure class=\"aligncenter size-large\"><img loading=\"lazy\" decoding=\"async\" width=\"683\" height=\"1024\" src=\"https:\/\/hellmangroup.se\/wp-content\/uploads\/2025\/05\/CV-bild-683x1024.jpg\" alt=\"\" class=\"wp-image-26\" srcset=\"https:\/\/hellmangroup.se\/wp-content\/uploads\/2025\/05\/CV-bild-683x1024.jpg 683w, https:\/\/hellmangroup.se\/wp-content\/uploads\/2025\/05\/CV-bild-200x300.jpg 200w, https:\/\/hellmangroup.se\/wp-content\/uploads\/2025\/05\/CV-bild-768x1152.jpg 768w, https:\/\/hellmangroup.se\/wp-content\/uploads\/2025\/05\/CV-bild-1024x1536.jpg 1024w, https:\/\/hellmangroup.se\/wp-content\/uploads\/2025\/05\/CV-bild-1365x2048.jpg 1365w, https:\/\/hellmangroup.se\/wp-content\/uploads\/2025\/05\/CV-bild-scaled.jpg 1706w\" sizes=\"auto, (max-width: 683px) 100vw, 683px\" \/><\/figure>\n<\/div>\n\n\n<figure class=\"wp-block-pullquote has-text-align-center\"><blockquote><p>Ge honom en microservice, ett YAML-script och en brandyxa \u2013 Fredrik fixar det. Han har tagit lead p\u00e5 kritiska logistikplattformar, byggt skr\u00e4ddarsydda CMS-system och f\u00e5tt IoT att dansa i Azure. L\u00f6sningsorienterad, leveranss\u00e4ker och alltid med ett \u00f6ga f\u00f6r n\u00e4sta f\u00f6rb\u00e4ttring.<\/p><cite>Kodens MacGyver \u2013 med hj\u00e4lm och gaffel<\/cite><\/blockquote><\/figure>\n\n\n\n<p><strong>Roller:<\/strong> Systemutvecklare, L\u00f6sningsarkitekt, DevOps Engineer, Fullstackutvecklare<\/p>\n\n\n\n<p><strong>\u00d6versikt:<\/strong><br>Fredrik \u00e4r en senior systemutvecklare med \u00f6ver 18 \u00e5rs erfarenhet inom IT, varav de senaste nio \u00e5ren i roller som kombinerar utveckling, arkitektur och DevOps. Han har djup kompetens inom hela .NET-ekosystemet och moderna frontendramverk som Blazor och React, samt ett starkt fokus p\u00e5 CI\/CD, containerisering och molntj\u00e4nster \u2013 fr\u00e4mst inom Azure. Fredrik har ofta haft ledande roller d\u00e4r han drivit teknisk utveckling fram\u00e5t, s\u00e4krat systemens skalbarhet och varit bryggan mellan teknik och verksamhet. Han har byggt avancerade IoT-plattformar, etablerat mikroarkitekturer och utvecklat CMS-l\u00f6sningar med stort aff\u00e4rsv\u00e4rde.<\/p>\n\n\n\n<p><strong>Egenskaper:<\/strong><br>Fredrik \u00e4r sj\u00e4lvg\u00e5ende, strukturerad och snabb p\u00e5 att s\u00e4tta sig in i nya dom\u00e4ner. Han \u00e4r prestigel\u00f6s, samarbetar g\u00e4rna t\u00e4tt med b\u00e5de teknikteam och aff\u00e4rssida, och har ett l\u00f6sningsorienterat mindset. Hans drivkraft ligger i att skapa stabila, effektiva och framtidss\u00e4kra l\u00f6sningar. Utanf\u00f6r konsultrollen \u00e4r han ocks\u00e5 deltidsbrandman och entrepren\u00f6r, med en napolitansk pizzaverksamhet p\u00e5 g\u00e5rden d\u00e4r han bor med sin familj.<\/p>\n\n\n\n<figure class=\"wp-block-pullquote\"><blockquote><p>Med en f\u00f6rk\u00e4rlek f\u00f6r mikroarkitektur och en Blazor-pionj\u00e4r i praktiken \u2013 Fredrik \u00e4r utvecklaren som kan lika mycket om containers som om att sl\u00e4cka br\u00e4nder. Han bygger IoT-plattformar i Azure p\u00e5 dagarna och napolitanska pizzor p\u00e5 kv\u00e4llarna. En teknisk m\u00e5ngsysslare som \u00e4lskar att kombinera aff\u00e4rsnytta med robust kod.<\/p><cite>Den digitala brandmannen med kod i blodet<\/cite><\/blockquote><\/figure>\n\n\n\n<p><strong>Kompetensomr\u00e5den:<\/strong><br>C#, .NET, Blazor, ASP.NET, Angular, React, SQL Server, Azure, Kubernetes, Docker, CI\/CD, RabbitMQ, REST API, gRPC, DevOps, Event Driven Architecture, Microservices, Domain Driven Design, OpenID Connect, Azure DevOps, Piranha CMS, Umbraco, SharePoint, gRPC, Redis, Bicep, Helm, YAML<\/p>\n\n\n\n<p><strong>Branscherfarenhet:<\/strong><br>Telekom, logistik, offentlig sektor, \u00e5terf\u00f6rs\u00e4kring, energi &amp; milj\u00f6, finans, fastigheter, restaurang, utbildning, myndigheter<\/p>\n","protected":false},"excerpt":{"rendered":"<p>Ge honom en microservice, ett YAML-script och en brandyxa \u2013 Fredrik fixar det. Han har tagit lead p\u00e5 kritiska logistikplattformar, byggt skr\u00e4ddarsydda CMS-system och f\u00e5tt IoT att dansa i Azure. L\u00f6sningsorienterad, leveranss\u00e4ker och alltid med ett \u00f6ga f\u00f6r n\u00e4sta f\u00f6rb\u00e4ttring. Kodens MacGyver \u2013 med hj\u00e4lm och gaffel Roller: Systemutvecklare, L\u00f6sningsarkitekt, DevOps Engineer, Fullstackutvecklare \u00d6versikt:Fredrik \u00e4r [&hellip;]<\/p>\n","protected":false},"author":1,"featured_media":0,"parent":0,"menu_order":0,"comment_status":"closed","ping_status":"open","template":"","meta":{"footnotes":""},"class_list":["post-2","page","type-page","status-publish","hentry"],"_links":{"self":[{"href":"https:\/\/hellmangroup.se\/index.php?rest_route=\/wp\/v2\/pages\/2","targetHints":{"allow":["GET"]}}],"collection":[{"href":"https:\/\/hellmangroup.se\/index.php?rest_route=\/wp\/v2\/pages"}],"about":[{"href":"https:\/\/hellmangroup.se\/index.php?rest_route=\/wp\/v2\/types\/page"}],"author":[{"embeddable":true,"href":"https:\/\/hellmangroup.se\/index.php?rest_route=\/wp\/v2\/users\/1"}],"replies":[{"embeddable":true,"href":"https:\/\/hellmangroup.se\/index.php?rest_route=%2Fwp%2Fv2%2Fcomments&post=2"}],"version-history":[{"count":7,"href":"https:\/\/hellmangroup.se\/index.php?rest_route=\/wp\/v2\/pages\/2\/revisions"}],"predecessor-version":[{"id":31,"href":"https:\/\/hellmangroup.se\/index.php?rest_route=\/wp\/v2\/pages\/2\/revisions\/31"}],"wp:attachment":[{"href":"https:\/\/hellmangroup.se\/index.php?rest_route=%2Fwp%2Fv2%2Fmedia&parent=2"}],"curies":[{"name":"wp","href":"https:\/\/api.w.org\/{rel}","templated":true}]}}