{"id":9,"date":"2025-05-14T09:32:07","date_gmt":"2025-05-14T09:32:07","guid":{"rendered":"https:\/\/hellmangroup.se\/?page_id=9"},"modified":"2025-05-14T09:45:54","modified_gmt":"2025-05-14T09:45:54","slug":"passion-projects-och-referenser","status":"publish","type":"page","link":"https:\/\/hellmangroup.se\/?page_id=9","title":{"rendered":"Passion projects"},"content":{"rendered":"\n<p>H\u00e4r samlas passion projects och en summering i utmaningar samt teknikval<\/p>\n\n\n\n<div class=\"wp-block-group\"><div class=\"wp-block-group__inner-container is-layout-constrained wp-block-group-is-layout-constrained\">\n<h2 class=\"wp-block-heading\"><a href=\"http:\/\/www.fettadipizza.se\">Fetta Di Pizza<\/a><\/h2>\n\n\n\n<p>HoF Roslagen \u00e4r en restaurangverksamhet i Roslagen som beh\u00f6vde en modern l\u00f6sning f\u00f6r onlinebokning, produktbest\u00e4llning och betalning \u2013 inklusive hantering av tidspass f\u00f6r avh\u00e4mtning. Systemet byggdes fr\u00e5n grunden i mikroarkitektur f\u00f6r att m\u00f6jligg\u00f6ra snabb utveckling, h\u00f6g prestanda och s\u00e4ker hantering av betalningar och autentisering.<\/p>\n\n\n\n<p>Nyckelinsatser:<br>&#8211; Utvecklade ett Blazor-baserat gr\u00e4nssnitt och adminpanel.<br>&#8211; Byggde eventdriven backend med API:er som kommunicerar via RabbitMQ.<br>&#8211; Anv\u00e4nde gRPC och Redis f\u00f6r h\u00f6gpresterande dataanrop i st\u00e4llet f\u00f6r REST d\u00e4r det var l\u00e4mpligt.<br>&#8211; Integrerade iZettle (produktdata), Swish (betalningar), samt SMS och e-post f\u00f6r bekr\u00e4ftelser och p\u00e5minnelser.<br>&#8211; Implementerade passwordless login med OpenID Connect och Passkey.<\/p>\n<\/div><\/div>\n\n\n\n<div class=\"wp-block-group\"><div class=\"wp-block-group__inner-container is-layout-constrained wp-block-group-is-layout-constrained\">\n<h2 class=\"wp-block-heading\"><a href=\"http:\/\/www.classic-homes.se\">CH &#8211; Classic Homes<\/a><\/h2>\n\n\n\n<p><\/p>\n<\/div><\/div>\n","protected":false},"excerpt":{"rendered":"<p>H\u00e4r samlas passion projects och en summering i utmaningar samt teknikval Fetta Di Pizza HoF Roslagen \u00e4r en restaurangverksamhet i Roslagen som beh\u00f6vde en modern l\u00f6sning f\u00f6r onlinebokning, produktbest\u00e4llning och betalning \u2013 inklusive hantering av tidspass f\u00f6r avh\u00e4mtning. Systemet byggdes fr\u00e5n grunden i mikroarkitektur f\u00f6r att m\u00f6jligg\u00f6ra snabb utveckling, h\u00f6g prestanda och s\u00e4ker hantering av [&hellip;]<\/p>\n","protected":false},"author":1,"featured_media":0,"parent":0,"menu_order":0,"comment_status":"closed","ping_status":"closed","template":"","meta":{"footnotes":""},"class_list":["post-9","page","type-page","status-publish","hentry"],"_links":{"self":[{"href":"https:\/\/hellmangroup.se\/index.php?rest_route=\/wp\/v2\/pages\/9","targetHints":{"allow":["GET"]}}],"collection":[{"href":"https:\/\/hellmangroup.se\/index.php?rest_route=\/wp\/v2\/pages"}],"about":[{"href":"https:\/\/hellmangroup.se\/index.php?rest_route=\/wp\/v2\/types\/page"}],"author":[{"embeddable":true,"href":"https:\/\/hellmangroup.se\/index.php?rest_route=\/wp\/v2\/users\/1"}],"replies":[{"embeddable":true,"href":"https:\/\/hellmangroup.se\/index.php?rest_route=%2Fwp%2Fv2%2Fcomments&post=9"}],"version-history":[{"count":6,"href":"https:\/\/hellmangroup.se\/index.php?rest_route=\/wp\/v2\/pages\/9\/revisions"}],"predecessor-version":[{"id":24,"href":"https:\/\/hellmangroup.se\/index.php?rest_route=\/wp\/v2\/pages\/9\/revisions\/24"}],"wp:attachment":[{"href":"https:\/\/hellmangroup.se\/index.php?rest_route=%2Fwp%2Fv2%2Fmedia&parent=9"}],"curies":[{"name":"wp","href":"https:\/\/api.w.org\/{rel}","templated":true}]}}